{"id":5424,"date":"2018-04-02T12:49:08","date_gmt":"2018-04-02T12:49:08","guid":{"rendered":"https:\/\/ingemar.alenas.se\/?page_id=5424"},"modified":"2019-07-14T09:33:57","modified_gmt":"2019-07-14T09:33:57","slug":"atrans-varde","status":"publish","type":"page","link":"https:\/\/ingemar.alenas.se\/?page_id=5424","title":{"rendered":"V\u00e4rdet av \u00c4tran och laxen"},"content":{"rendered":"<p>2018-04-02 Ingen har hittills ber\u00e4knat \u00c4trans v\u00e4rde utifr\u00e5n dess verkliga v\u00e4rde som producent av ekosystemtj\u00e4nster.<\/p>\n<p>F\u00f6r att f\u00e5 en liten inblick i v\u00e4rdet kan man anv\u00e4nda sig av sentida forskningsresultat fr\u00e5n andra lax\u00e4lvar. En av v\u00e5ra fyra national\u00e4lvar \u00e4r Vindel\u00e4lven k\u00e4nd f\u00f6r sina op\u00e5verkade forsstr\u00e4ckor och rikliga produktion av lax. Doktor Cicilia H\u00e5kansson vid Ume\u00e5 Universitet gjorde h\u00e4r sin doktorsavhandling just p\u00e5 laxens v\u00e4rde i Vindel\u00e4lven.<\/p>\n<p>Hon har utv\u00e4rderat hur mycket svenska folket vill betala f\u00f6r att \u00f6ka m\u00e4ngden vildlax som n\u00e5r lekplatserna i Vindel\u00e4lven, p\u00e5 bekostnad av en minskad elproduktion. M\u00e5let \u00e4r att \u00f6ka antalet vandrande vildlaxar fr\u00e5n dagens ungef\u00e4r 3000 laxar\/\u00e5r till 4000 laxar\/ \u00e5r. F\u00f6r att m\u00e4ta svenskarnas betalningsvilja gjorde hon en enk\u00e4t bland ett slumpm\u00e4ssigt urval av den svenska befolkningen \u00f6ver 18 \u00e5r. Studien visar att svenskarna \u00e4r villiga att betala 96-517 miljoner kronor f\u00f6r att \u00f6ka antalet vandrande vildlaxar fr\u00e5n 3000 till 4000 per \u00e5r i Vindel\u00e4lven.<\/p>\n<p>Hur g\u00e5r d\u00e5 detta forskarresultat att \u00f6verf\u00f6ra p\u00e5 \u00c4tran? Svaret \u00e4r att det g\u00e5r inte! Att j\u00e4mf\u00f6ra \u00f6stersj\u00f6ns blekk\u00f6ttiga, dioxinrika, ofta odlade lax med den r\u00f6dk\u00f6ttiga, v\u00e4lsmakande, giftfria och vilda atlantalxen fr\u00e5n \u00c4tran \u00e4r som att j\u00e4mf\u00f6ra \u00e4pplen med p\u00e4ron!<\/p>\n<p>Men vi kan konstatera att efter restaurering av Hertingforsen \u00f6kade uppvandringen av laxfisk i fiskr\u00e4knaren vid Herting fr\u00e5n ca 2000 till ca 4500 laxfiskar! <strong>\u00d6kningen i \u00c4tran \u00e4r s\u00e5ledes st\u00f6rre \u00e4n den \u00f6kning som v\u00e4rdesattes till mellan 100 och 500 miljoner per \u00e5r i Vindel\u00e4lven!<\/strong>&nbsp;<\/p>\n<p>&nbsp;K\u00e4lla: Cecilia H\u00e5kansson institutionen f\u00f6r skogsekonomi, SLU 090-786 86 57 L\u00e4s mer <a href=\"https:\/\/www.slu.se\/globalassets\/ew\/ew-centrala\/miljo\/hall-dig-uppdaterad\/miljotrender-arkiv\/2009\/mt1_09.pdf\">h\u00e4r<\/a><\/p>\n<p>F\u00f6rslag forvaltningsplan f\u00f6r \u00c4tran och laxen l\u00e4s mer h\u00e4r:<br \/>\n<a href=\"https:\/\/ingemar.alenas.se\/wp-content\/uploads\/2018\/04\/2014-12-05-F\u00f6rvaltningsplan-f\u00f6r-\u00c4tran.pdf\">2014-12-05 F\u00f6rvaltningsplan f\u00f6r \u00c4tran<\/a><\/p>\n<p>PS L\u00e4nsstyrelsen i Halland har nu gjort en delv\u00e4rdering av Laxens v\u00e4rde i Falkenberg. Publikationen 2018:18 utkom i december 2018 och ber\u00e4knar nettonuv\u00e4rdet till 65,3 miljoner kronor. L\u00e4s mer <a href=\"https:\/\/ingemar.alenas.se\/?page_id=6623\">h\u00e4r.<\/a><br \/>\nL\u00e4s hela L\u00e4nsstyrelsens rapport <a href=\"https:\/\/www.lansstyrelsen.se\/halland\/tjanster\/publikationer\/201818-samhallsekonomisk-analys-av-hertingprojektet.html\">h\u00e4r. &nbsp;<\/a>DS<\/p>\n","protected":false},"excerpt":{"rendered":"<p>2018-04-02 Ingen har hittills ber\u00e4knat \u00c4trans v\u00e4rde utifr\u00e5n dess verkliga v\u00e4rde som producent av ekosystemtj\u00e4nster. F\u00f6r att f\u00e5 en liten inblick i v\u00e4rdet kan man anv\u00e4nda sig av sentida forskningsresultat fr\u00e5n andra lax\u00e4lvar. En av v\u00e5ra fyra national\u00e4lvar \u00e4r Vindel\u00e4lven k\u00e4nd f\u00f6r sina op\u00e5verkade forsstr\u00e4ckor och rikliga produktion av lax. Doktor Cicilia H\u00e5kansson vid Ume\u00e5 &hellip; <a href=\"https:\/\/ingemar.alenas.se\/?page_id=5424\" class=\"more-link\">Forts\u00e4tt l\u00e4sa <span class=\"screen-reader-text\">V\u00e4rdet av \u00c4tran och laxen<\/span> <span class=\"meta-nav\">&rarr;<\/span><\/a><\/p>\n","protected":false},"author":1,"featured_media":5186,"parent":150,"menu_order":0,"comment_status":"closed","ping_status":"closed","template":"","meta":{"ngg_post_thumbnail":0,"footnotes":""},"class_list":["post-5424","page","type-page","status-publish","has-post-thumbnail","hentry"],"_links":{"self":[{"href":"https:\/\/ingemar.alenas.se\/index.php?rest_route=\/wp\/v2\/pages\/5424","targetHints":{"allow":["GET"]}}],"collection":[{"href":"https:\/\/ingemar.alenas.se\/index.php?rest_route=\/wp\/v2\/pages"}],"about":[{"href":"https:\/\/ingemar.alenas.se\/index.php?rest_route=\/wp\/v2\/types\/page"}],"author":[{"embeddable":true,"href":"https:\/\/ingemar.alenas.se\/index.php?rest_route=\/wp\/v2\/users\/1"}],"replies":[{"embeddable":true,"href":"https:\/\/ingemar.alenas.se\/index.php?rest_route=%2Fwp%2Fv2%2Fcomments&post=5424"}],"version-history":[{"count":18,"href":"https:\/\/ingemar.alenas.se\/index.php?rest_route=\/wp\/v2\/pages\/5424\/revisions"}],"predecessor-version":[{"id":7622,"href":"https:\/\/ingemar.alenas.se\/index.php?rest_route=\/wp\/v2\/pages\/5424\/revisions\/7622"}],"up":[{"embeddable":true,"href":"https:\/\/ingemar.alenas.se\/index.php?rest_route=\/wp\/v2\/pages\/150"}],"wp:featuredmedia":[{"embeddable":true,"href":"https:\/\/ingemar.alenas.se\/index.php?rest_route=\/wp\/v2\/media\/5186"}],"wp:attachment":[{"href":"https:\/\/ingemar.alenas.se\/index.php?rest_route=%2Fwp%2Fv2%2Fmedia&parent=5424"}],"curies":[{"name":"wp","href":"https:\/\/api.w.org\/{rel}","templated":true}]}}