{"id":4719,"date":"2017-10-21T08:57:49","date_gmt":"2017-10-21T08:57:49","guid":{"rendered":"https:\/\/ingemar.alenas.se\/?page_id=4719"},"modified":"2017-10-26T08:11:43","modified_gmt":"2017-10-26T08:11:43","slug":"vi-som-bor-har","status":"publish","type":"page","link":"https:\/\/ingemar.alenas.se\/?page_id=4719","title":{"rendered":"Vi som bor h\u00e4r upplevde &#8221;Big Bang&#8221; i &#8221;Black Box&#8221;"},"content":{"rendered":"<p>2017-10-20 Riksteaterns f\u00f6rest\u00e4llning &#8221;Vi som bor h\u00e4r&#8221; g\u00e4stade p\u00e5 fredagskv\u00e4llen Falkhallens &#8221;Black Box&#8221; i Falkenberg.<\/p>\n<p>Naturskildraren Martin Emten\u00e4s, musikerna Stefan Sundstr\u00f6m och Birgitta Henriksson stod f\u00f6r f\u00f6rest\u00e4llningen.<\/p>\n<p>250 f\u00f6rv\u00e4ntansfulla falkenbergare fick uppleva &#8221;Big Bang&#8221; i &#8221;Black Box&#8221; i Falkhallen. Det var en omskakande upplevelse som inte l\u00e4mnade n\u00e5gon ober\u00f6rd.<\/p>\n<p>Martin beskrev p\u00e5 ett t\u00e4nkv\u00e4rt och pedagogiskt s\u00e4tt m\u00e4nniskans plats p\u00e5 jorden mitt i naturen. V\u00e5r nuvarande livsstil g\u00f6r att v\u00e5r tid p\u00e5 jorden riskerar att bli en mycket kort parantes. Dinosaurierna levde under 200 miljoner \u00e5r i sitt ekosystem.<\/p>\n<p>M\u00e4nniskan utrotar f\u00f6r n\u00e4rvarande 50 000 arter per \u00e5r och har p\u00e5 kort tid f\u00f6r\u00e4ndrat st\u00f6rsta delen av jordens naturtillg\u00e5ngar. Dagens livsstil g\u00f6r att vi fr\u00e4mjar oss fr\u00e5n naturen och kommer n\u00e4rmare mode, mobil och magasin om senaste inredning och resor.<\/p>\n<p>Men det g\u00e5r fortfarande att undvika denna &#8221;meteorit&#8221; som \u00e4r p\u00e5 v\u00e4g att f\u00f6rg\u00f6ra v\u00e5rt jordklot. Alla m\u00e4nniskor som inte bryr sig om naturen beh\u00f6ver lyssna p\u00e5 dem som bryr sig. Naturen \u00e4r m\u00e4nniskans kapital inte pengar eller bitcoins.<\/p>\n<p>Martin beskrev genom ins\u00e4nda lokala bilder vilken underbar natur vi har som bor h\u00e4r i Falkenberg. Om vi v\u00e5rdar denna natur finns det fortfarande hopp, men det br\u00e5dskar. Martin beskriver det lokala engagemanget genom att intervjua en &#8221;eldsj\u00e4l&#8221; p\u00e5 varje plats som riksteatern bes\u00f6ker.<\/p>\n<p>Falkenbergs exempel p\u00e5 eldsj\u00e4l blev undertecknad som arbetat med restaureringen av Hertingforsen. Jag har dock endast varit en &#8221;kugge&#8221; som bidrog till att det stora hjulet sattes i rullning! Politiska beslut, bidragsbeslut (myndigheter), konsultkunskap, Universitetbidrag, EU-bidrag, Falkenbergs Energi, Laxfiskekommitt\u00e9n&nbsp; och inte minst personliga insatser var avg\u00f6rande f\u00f6r att Falkenberg fick tillbaka Hertingforsen efter 70 \u00e5rs tillf\u00e4llig tystnad! H\u00e4r f\u00f6ds nu \u00e5rligen 15 000 nya genetiskt unika \u00c4tranlaxar! Det \u00e4r hoppfullt att det finns s\u00e5 m\u00e5nga &#8221;eldsj\u00e4lar&#8221; f\u00f6r naturen i Falkenberg!<\/p>\n<p>Riksteaterns f\u00f6rest\u00e4llning och naturskildraren Martin Emten\u00e4s f\u00e5r oss att p\u00e5 ett underh\u00e5llande s\u00e4tt f\u00f6rst\u00e5 allvaret med att sk\u00f6vlad natur inneb\u00e4r underg\u00e5ng, samtidigt som han genom de goda exemplen f\u00e5r oss att \u00e4lska v\u00e5r natur d\u00e4r vi bor.<\/p>\n<p>Martins f\u00f6rest\u00e4llning g\u00f6r skillnad: M\u00e4nniskor blir medvetna om naturens lagar och ekosystemtj\u00e4nster och lyder vi naturen kan vi leva lyckliga och njuta av frukterna.<\/p>\n<p>Ta en promenad vid Hertingforsen och fundera p\u00e5 om du tillh\u00f6r dem &#8221;som bryr sig&#8221;&nbsp; eller dem &#8221;som inte bryr sig&#8221;.<\/p>\n<p>Ni som inte sett f\u00f6rest\u00e4llningen, f\u00f6r er egen skull, se den!<br \/>\nTurn\u00e9schema <a href=\"http:\/\/www.riksteatern.se\/visomborhar\">h\u00e4r.<\/a><\/p>\n","protected":false},"excerpt":{"rendered":"<p>2017-10-20 Riksteaterns f\u00f6rest\u00e4llning &#8221;Vi som bor h\u00e4r&#8221; g\u00e4stade p\u00e5 fredagskv\u00e4llen Falkhallens &#8221;Black Box&#8221; i Falkenberg. Naturskildraren Martin Emten\u00e4s, musikerna Stefan Sundstr\u00f6m och Birgitta Henriksson stod f\u00f6r f\u00f6rest\u00e4llningen. 250 f\u00f6rv\u00e4ntansfulla falkenbergare fick uppleva &#8221;Big Bang&#8221; i &#8221;Black Box&#8221; i Falkhallen. Det var en omskakande upplevelse som inte l\u00e4mnade n\u00e5gon ober\u00f6rd. Martin beskrev p\u00e5 ett t\u00e4nkv\u00e4rt och &hellip; <a href=\"https:\/\/ingemar.alenas.se\/?page_id=4719\" class=\"more-link\">Forts\u00e4tt l\u00e4sa <span class=\"screen-reader-text\">Vi som bor h\u00e4r upplevde &#8221;Big Bang&#8221; i &#8221;Black Box&#8221;<\/span> <span class=\"meta-nav\">&rarr;<\/span><\/a><\/p>\n","protected":false},"author":1,"featured_media":4721,"parent":126,"menu_order":0,"comment_status":"closed","ping_status":"closed","template":"","meta":{"ngg_post_thumbnail":0,"footnotes":""},"class_list":["post-4719","page","type-page","status-publish","has-post-thumbnail","hentry"],"_links":{"self":[{"href":"https:\/\/ingemar.alenas.se\/index.php?rest_route=\/wp\/v2\/pages\/4719","targetHints":{"allow":["GET"]}}],"collection":[{"href":"https:\/\/ingemar.alenas.se\/index.php?rest_route=\/wp\/v2\/pages"}],"about":[{"href":"https:\/\/ingemar.alenas.se\/index.php?rest_route=\/wp\/v2\/types\/page"}],"author":[{"embeddable":true,"href":"https:\/\/ingemar.alenas.se\/index.php?rest_route=\/wp\/v2\/users\/1"}],"replies":[{"embeddable":true,"href":"https:\/\/ingemar.alenas.se\/index.php?rest_route=%2Fwp%2Fv2%2Fcomments&post=4719"}],"version-history":[{"count":12,"href":"https:\/\/ingemar.alenas.se\/index.php?rest_route=\/wp\/v2\/pages\/4719\/revisions"}],"predecessor-version":[{"id":4772,"href":"https:\/\/ingemar.alenas.se\/index.php?rest_route=\/wp\/v2\/pages\/4719\/revisions\/4772"}],"up":[{"embeddable":true,"href":"https:\/\/ingemar.alenas.se\/index.php?rest_route=\/wp\/v2\/pages\/126"}],"wp:featuredmedia":[{"embeddable":true,"href":"https:\/\/ingemar.alenas.se\/index.php?rest_route=\/wp\/v2\/media\/4721"}],"wp:attachment":[{"href":"https:\/\/ingemar.alenas.se\/index.php?rest_route=%2Fwp%2Fv2%2Fmedia&parent=4719"}],"curies":[{"name":"wp","href":"https:\/\/api.w.org\/{rel}","templated":true}]}}