{"id":27,"date":"2015-01-31T21:55:57","date_gmt":"2015-01-31T21:55:57","guid":{"rendered":"http:\/\/naturligtvis.alenas.se\/?page_id=27"},"modified":"2021-10-30T14:32:29","modified_gmt":"2021-10-30T14:32:29","slug":"sid-2","status":"publish","type":"page","link":"https:\/\/ingemar.alenas.se\/?page_id=27","title":{"rendered":"Mitt CV"},"content":{"rendered":"<p style=\"text-align: left;\">Svenljunga samrealskola 1964-67&nbsp; &nbsp; &nbsp; &nbsp; &nbsp; &nbsp; &nbsp; &nbsp; &nbsp; &nbsp; &nbsp; &nbsp; &nbsp; &nbsp; &nbsp; &nbsp; &nbsp; &nbsp; &nbsp; &nbsp; &nbsp; &nbsp; &nbsp; &nbsp; &nbsp; &nbsp; &nbsp; &nbsp; &nbsp; &nbsp; &nbsp; &nbsp; &nbsp; &nbsp; &nbsp; &nbsp; &nbsp; &nbsp;Bor\u00e5s h\u00f6gre allm\u00e4nna l\u00e4roverk naturvetenskaplig linje 1967-70<br \/>\nG\u00f6teborgs universitet Fil kand. examen 1976&nbsp;&nbsp;&nbsp;&nbsp;&nbsp;&nbsp;&nbsp;&nbsp;&nbsp;&nbsp;&nbsp;&nbsp;&nbsp;&nbsp;&nbsp;&nbsp;&nbsp;&nbsp;&nbsp;&nbsp;&nbsp;&nbsp;&nbsp;&nbsp;&nbsp;&nbsp;&nbsp;&nbsp;&nbsp;&nbsp;&nbsp;&nbsp;&nbsp;&nbsp;&nbsp;&nbsp;&nbsp;&nbsp;&nbsp;&nbsp;&nbsp; Forskarkurs Ekologi 20 p.<\/p>\n<p>L\u00e4nsstyrelsen i G\u00f6teborg, Inventering \u00d6rekils\u00e4lven 1974<br \/>\nL\u00e4nsstyrelsen i V\u00e4rmland, Inventering av 30&nbsp;flottleder 1975<br \/>\nProjektledare IVL G\u00f6teborg 1976-89&nbsp;&nbsp;div. vetenskapliga publ.<\/p>\n<p><a href=\"http:\/\/naturligtvis.alenas.se\/wp-content\/uploads\/2015\/01\/Ginstpriset.jpg\"><img loading=\"lazy\" decoding=\"async\" class=\" wp-image-145 alignright\" src=\"http:\/\/naturligtvis.alenas.se\/wp-content\/uploads\/2015\/01\/Ginstpriset.jpg\" alt=\"Ginstpriset\" width=\"242\" height=\"321\" srcset=\"https:\/\/ingemar.alenas.se\/wp-content\/uploads\/2015\/01\/Ginstpriset.jpg 445w, https:\/\/ingemar.alenas.se\/wp-content\/uploads\/2015\/01\/Ginstpriset-226x300.jpg 226w\" sizes=\"auto, (max-width: 242px) 100vw, 242px\" \/><\/a>Kommunekolog Kungsbacka kommun 1989-90<br \/>\nKommunekolog Falkenbergs kommun 1990-2015 Ledamot Laxfiskekommitt\u00e9n<\/p>\n<p>Diplom Hallands NF 1992<br \/>\nProjektledare EU-projektet Living North Sea 2009-2013 Hallmanpriset 2003<br \/>\nL\u00e4s mer&nbsp;<a href=\"http:\/\/news.cision.com\/se\/vattenfall\/r\/hallmanpriset-till-ingemar-alenas,c80050\" target=\"_blank\" rel=\"noopener noreferrer\">h\u00e4r<br \/>\n<\/a>Ginstpriset 2006<br \/>\nL\u00e4s mer<a href=\"http:\/\/orebrolan.naturskyddsforeningen.se\/wp-content\/uploads\/sites\/189\/2013\/12\/Hallandsnatur2007.pdf\" target=\"_blank\" rel=\"noopener noreferrer\"> h\u00e4r<\/a>&nbsp;(sid 3 o 18)<\/p>\n<p>Personalstipendium 2008, Falkenbergs kommun<br \/>\n\u00c5lakung 2008, \u00c5lakademin i \u00c5hus, l\u00e4s mer&nbsp;<a href=\"http:\/\/sverigesradio.se\/sida\/artikel.aspx?programid=128&amp;artikel=2233439\" target=\"_blank\" rel=\"noopener noreferrer\">h\u00e4r<\/a><a href=\"http:\/\/ingemar.alenas.se\/wp-content\/uploads\/2015\/05\/Staden-vid-\u00c4tran.jpg\"><img loading=\"lazy\" decoding=\"async\" class=\" size-medium wp-image-1867 alignright\" src=\"http:\/\/ingemar.alenas.se\/wp-content\/uploads\/2015\/05\/Staden-vid-\u00c4tran-206x300.jpg\" alt=\"Staden vid \u00c4tran\" width=\"206\" height=\"300\" srcset=\"https:\/\/ingemar.alenas.se\/wp-content\/uploads\/2015\/05\/Staden-vid-\u00c4tran-206x300.jpg 206w, https:\/\/ingemar.alenas.se\/wp-content\/uploads\/2015\/05\/Staden-vid-\u00c4tran.jpg 532w\" sizes=\"auto, (max-width: 206px) 100vw, 206px\" \/><\/a><a href=\"http:\/\/sverigesradio.se\/sida\/artikel.aspx?programid=128&amp;artikel=2233439\" target=\"_blank\" rel=\"noopener noreferrer\"><br \/>\n<\/a>Projektledare 2009-2013 f\u00f6r EU-projekt&nbsp;<a href=\"http:\/\/www.living-north-sea.eu\/download\/habitat-restoration\/\" target=\"_blank\" rel=\"noopener noreferrer\">Habitat Restoration Subgroup<\/a>&nbsp;L\u00e4s mera <a href=\"http:\/\/www.living-north-sea.eu\/uploads\/files\/news\/Newsletter%20Living%20North%20Sea%20(November%202011).pdf\" target=\"_blank\" rel=\"noopener noreferrer\">LNS Newsletter<\/a>, <a href=\"http:\/\/www.living-north-sea.eu\/\" target=\"_blank\" rel=\"noopener noreferrer\">Living North Sea<\/a><br \/>\n<a href=\"http:\/\/www.living-north-sea.eu\/download\/32\/322\/\" target=\"_blank\" rel=\"noopener noreferrer\">Fish Migration Day in Sweden<\/a><\/p>\n<p>TV3 Smakfullt med Cramby se <a href=\"http:\/\/www.tv3play.se\/program\/smakfullt-med-cramby\/399181?autostart=true\" target=\"_blank\" rel=\"noopener noreferrer\">h\u00e4r<br \/>\n<\/a>Kr\u00f6nika 65-\u00e5r 2015-04-01 <a href=\"http:\/\/www.falkenbergsposten.se\/News2.asp?idNews=5343\" target=\"_blank\" rel=\"noopener noreferrer\">Falkenbergs Posten<\/a><br \/>\n\u00c4tran Vattenr\u00e5ds Milj\u00f6pris 2015<br \/>\nNominerad till Hav-och Vattenmyndighetens<br \/>\nnya Milj\u00f6pris <a href=\"https:\/\/www.havochvatten.se\/hav\/uppdrag--kontakt\/vart-uppdrag\/press-och-media\/visa-nyheter\/visa-pressrelease.html?url=-222923666\/pressreleases\/1161658\" target=\"_blank\" rel=\"noopener noreferrer\">Sj\u00f6stj\u00e4rnan 2015 <\/a><br \/>\nL\u00e4s mera <a href=\"https:\/\/www.havochvatten.se\/hav\/vagledning--lagar\/anslag-och-bidrag\/vattenpriset-sjostjarnan.html\" target=\"_blank\" rel=\"noopener noreferrer\">h\u00e4r<\/a><br \/>\nHertingprojektet 2002-2015<br \/>\nF\u00f6rfattare till artikel om Hertingforsen i Jubileumsboken<br \/>\n&#8221;Staden vid \u00c4tran&#8221; som sl\u00e4pptes 2015-11-13. L\u00e4s mer <a href=\"http:\/\/ingemar.alenas.se\/?page_id=951\" target=\"_blank\" rel=\"noopener noreferrer\">h\u00e4r.<\/a><\/p>\n<p>Samordnare f\u00f6r \u00c4trans Vattenr\u00e5d 1990 till 2018-08-20.<br \/>\nBildat Firma Ingemar Alen\u00e4s 2015 med guidningsverksamhet mm.<br \/>\nCirkelledare f\u00f6r Studief\u00f6rbundet Vuxenskolan v\u00e5ren 2017.<\/p>\n<p>F\u00f6rfattare i Tidskriften Hallands Natur 2016 L\u00e4s artikel h\u00e4r<br \/>\n<a href=\"http:\/\/ingemar.alenas.se\/wp-content\/uploads\/2015\/01\/Hallands-Natur2016-Levande-hav-eller-Tyst-hav-1.pdf\">Hallands Natur2016 Levande hav eller Tyst hav<\/a><\/p>\n<p>Riksteatern, p\u00e5 scen tillsammans med Martin Emten\u00e4s och Stefan Sundstr\u00f6m. 2017-10-20. Intervjuad som lokal &#8221;eldsj\u00e4l&#8221; om arbetet med \u00c4tran, laxen mm. L\u00e4s mer<a href=\"https:\/\/ingemar.alenas.se\/?page_id=4719\"> h\u00e4r<\/a><\/p>\n<p>2018-01-31 Slutf\u00f6rt kurs i V\u00e4rdskapsutbildning. Region Halland och Europeiska regionala Utvecklingsfonden.<br \/>\n<a href=\"https:\/\/ingemar.alenas.se\/wp-content\/uploads\/2018\/02\/Diplom-V\u00e4rdskapsutbildning-2018-01-31.pdf\">Diplom V\u00e4rdskapsutbildning 2018-01-31<\/a><\/p>\n<p>Sveriges Sportfiske- och Fiskev\u00e5rdsf\u00f6rbunds h\u00f6gsta utm\u00e4rkelse: Hederstecknet i guld \u00e5r 2020. L\u00e4s mer <a href=\"https:\/\/www.sportfiskarna.se\/Om-oss\/Aktuellt\/ArticleID\/9956\/Tre-tungt-meriterade-fick-guldn\u00e5len\">h\u00e4r.<\/a><\/p>\n<p>H\u00f6sten 2021 Deltagande i SVT:s dokument\u00e4r &#8221;Fiskarnas Rike&#8221;.<br \/>\nH\u00f6sten 2021 Deltagande i SVT:s program &#8221;Uppdrag Granskning&#8221; med rubriken &#8221;Den sista \u00e5len&#8221;.<\/p>\n<p>Aktuella aktiviteter och guidningar d\u00e4r firman deltar kan du l\u00e4sa mer om <a href=\"https:\/\/ingemar.alenas.se\/?page_id=951\">h\u00e4r<\/a>.<\/p>\n<p>Se filmen om <a href=\"https:\/\/www.youtube.com\/watch?v=WfBQDzkjJ5o\" target=\"_blank\" rel=\"noopener noreferrer\">\u00c4trans Vattenr\u00e5d <\/a>d\u00e4r jag deltar med speakerr\u00f6st och foton.<a href=\"http:\/\/ingemar.alenas.se\/wp-content\/uploads\/2015\/01\/\u00c4tran-v\u00e4rd-att-bevara.jpg\"><img loading=\"lazy\" decoding=\"async\" class=\" size-medium wp-image-1361 aligncenter\" src=\"http:\/\/ingemar.alenas.se\/wp-content\/uploads\/2015\/01\/\u00c4tran-v\u00e4rd-att-bevara-300x180.jpg\" alt=\"\u00c4tran v\u00e4rd att bevara\" width=\"300\" height=\"180\" srcset=\"https:\/\/ingemar.alenas.se\/wp-content\/uploads\/2015\/01\/\u00c4tran-v\u00e4rd-att-bevara-300x180.jpg 300w, https:\/\/ingemar.alenas.se\/wp-content\/uploads\/2015\/01\/\u00c4tran-v\u00e4rd-att-bevara.jpg 674w\" sizes=\"auto, (max-width: 300px) 100vw, 300px\" \/><\/a><\/p>\n","protected":false},"excerpt":{"rendered":"<p>Svenljunga samrealskola 1964-67&nbsp; &nbsp; &nbsp; &nbsp; &nbsp; &nbsp; &nbsp; &nbsp; &nbsp; &nbsp; &nbsp; &nbsp; &nbsp; &nbsp; &nbsp; &nbsp; &nbsp; &nbsp; &nbsp; &nbsp; &nbsp; &nbsp; &nbsp; &nbsp; &nbsp; &nbsp; &nbsp; &nbsp; &nbsp; &nbsp; &nbsp; &nbsp; &nbsp; &nbsp; &nbsp; &nbsp; &nbsp; &nbsp;Bor\u00e5s h\u00f6gre allm\u00e4nna l\u00e4roverk naturvetenskaplig linje 1967-70 G\u00f6teborgs universitet Fil kand. examen 1976&nbsp;&nbsp;&nbsp;&nbsp;&nbsp;&nbsp;&nbsp;&nbsp;&nbsp;&nbsp;&nbsp;&nbsp;&nbsp;&nbsp;&nbsp;&nbsp;&nbsp;&nbsp;&nbsp;&nbsp;&nbsp;&nbsp;&nbsp;&nbsp;&nbsp;&nbsp;&nbsp;&nbsp;&nbsp;&nbsp;&nbsp;&nbsp;&nbsp;&nbsp;&nbsp;&nbsp;&nbsp;&nbsp;&nbsp;&nbsp;&nbsp; Forskarkurs Ekologi 20 &hellip; <a href=\"https:\/\/ingemar.alenas.se\/?page_id=27\" class=\"more-link\">Forts\u00e4tt l\u00e4sa <span class=\"screen-reader-text\">Mitt CV<\/span> <span class=\"meta-nav\">&rarr;<\/span><\/a><\/p>\n","protected":false},"author":1,"featured_media":0,"parent":0,"menu_order":2,"comment_status":"closed","ping_status":"closed","template":"","meta":{"ngg_post_thumbnail":0,"footnotes":""},"class_list":["post-27","page","type-page","status-publish","hentry"],"_links":{"self":[{"href":"https:\/\/ingemar.alenas.se\/index.php?rest_route=\/wp\/v2\/pages\/27","targetHints":{"allow":["GET"]}}],"collection":[{"href":"https:\/\/ingemar.alenas.se\/index.php?rest_route=\/wp\/v2\/pages"}],"about":[{"href":"https:\/\/ingemar.alenas.se\/index.php?rest_route=\/wp\/v2\/types\/page"}],"author":[{"embeddable":true,"href":"https:\/\/ingemar.alenas.se\/index.php?rest_route=\/wp\/v2\/users\/1"}],"replies":[{"embeddable":true,"href":"https:\/\/ingemar.alenas.se\/index.php?rest_route=%2Fwp%2Fv2%2Fcomments&post=27"}],"version-history":[{"count":89,"href":"https:\/\/ingemar.alenas.se\/index.php?rest_route=\/wp\/v2\/pages\/27\/revisions"}],"predecessor-version":[{"id":11122,"href":"https:\/\/ingemar.alenas.se\/index.php?rest_route=\/wp\/v2\/pages\/27\/revisions\/11122"}],"wp:attachment":[{"href":"https:\/\/ingemar.alenas.se\/index.php?rest_route=%2Fwp%2Fv2%2Fmedia&parent=27"}],"curies":[{"name":"wp","href":"https:\/\/api.w.org\/{rel}","templated":true}]}}