{"id":2165,"date":"2016-02-16T17:32:20","date_gmt":"2016-02-16T17:32:20","guid":{"rendered":"http:\/\/ingemar.alenas.se\/?page_id=2165"},"modified":"2017-09-08T15:32:40","modified_gmt":"2017-09-08T15:32:40","slug":"vinter-vid-hertingforsen","status":"publish","type":"page","link":"https:\/\/ingemar.alenas.se\/?page_id=2165","title":{"rendered":"Vinter vid Hertingforsen"},"content":{"rendered":"<p>2016-02-16 Iskristaller och en vintersol som skapar konstverk vid Heringforsen. Hundra kubikmeter vatten dansar fram i den naturliga \u00e5f\u00e5ran. Tretton tusen laxyngel lever i den kalla men syrerika forsen. Str\u00f6mstarar f\u00e5ngar sl\u00e4ndelarver och dyker i det iskalla vattnet. Den som ger sig ut en promenad utefter Kungastigen kan uppleva Kung Bores konstverk vid forsen.<\/p>\n<p><a href=\"http:\/\/ingemar.alenas.se\/wp-content\/uploads\/2016\/02\/IMG_8346.jpg\" rel=\"attachment wp-att-2169\"><img loading=\"lazy\" decoding=\"async\" width=\"1000\" height=\"749\" class=\"alignnone wp-image-2169 size-full\" alt=\"IMG_8346\" src=\"http:\/\/ingemar.alenas.se\/wp-content\/uploads\/2016\/02\/IMG_8346.jpg\" srcset=\"https:\/\/ingemar.alenas.se\/wp-content\/uploads\/2016\/02\/IMG_8346.jpg 1000w, https:\/\/ingemar.alenas.se\/wp-content\/uploads\/2016\/02\/IMG_8346-300x225.jpg 300w, https:\/\/ingemar.alenas.se\/wp-content\/uploads\/2016\/02\/IMG_8346-768x575.jpg 768w\" sizes=\"auto, (max-width: 1000px) 100vw, 1000px\" \/><\/a><\/p>\n<p>Vattnet \u00e4r som guld f\u00f6r vandringsfisken. Utan vatten ingen vandring av lax, havs\u00f6ring och \u00e5l till sina lek- och uppv\u00e4xtomr\u00e5den.<\/p>\n<p><a href=\"http:\/\/ingemar.alenas.se\/wp-content\/uploads\/2016\/02\/IMG_8290.jpg\" rel=\"attachment wp-att-2173\"><img loading=\"lazy\" decoding=\"async\" width=\"1000\" height=\"801\" class=\"alignnone wp-image-2173 size-full\" alt=\"IMG_8290\" src=\"http:\/\/ingemar.alenas.se\/wp-content\/uploads\/2016\/02\/IMG_8290.jpg\" srcset=\"https:\/\/ingemar.alenas.se\/wp-content\/uploads\/2016\/02\/IMG_8290.jpg 1000w, https:\/\/ingemar.alenas.se\/wp-content\/uploads\/2016\/02\/IMG_8290-300x240.jpg 300w, https:\/\/ingemar.alenas.se\/wp-content\/uploads\/2016\/02\/IMG_8290-768x615.jpg 768w\" sizes=\"auto, (max-width: 1000px) 100vw, 1000px\" \/><\/a><\/p>\n<p>Store sten \u00e4r ett v\u00e4lk\u00e4nt m\u00e4rke sedan 1800-talet i forsen. H\u00e4r har ett &#8221;tr\u00e4monster&#8221; med isbarder lagt sig tillr\u00e4tta p\u00e5 stenen.<\/p>\n<p><a href=\"http:\/\/ingemar.alenas.se\/wp-content\/uploads\/2016\/02\/IMG_8323.jpg\" rel=\"attachment wp-att-2175\"><img loading=\"lazy\" decoding=\"async\" width=\"294\" height=\"379\" class=\"wp-image-2175 alignright\" alt=\"IMG_8323\" src=\"http:\/\/ingemar.alenas.se\/wp-content\/uploads\/2016\/02\/IMG_8323.jpg\" srcset=\"https:\/\/ingemar.alenas.se\/wp-content\/uploads\/2016\/02\/IMG_8323.jpg 776w, https:\/\/ingemar.alenas.se\/wp-content\/uploads\/2016\/02\/IMG_8323-233x300.jpg 233w, https:\/\/ingemar.alenas.se\/wp-content\/uploads\/2016\/02\/IMG_8323-768x990.jpg 768w\" sizes=\"auto, (max-width: 294px) 100vw, 294px\" \/><\/a><\/p>\n<p>&nbsp;<\/p>\n<p>Tr\u00e4raukarna som f\u00f6rtj\u00e4nstfullt&nbsp;l\u00e4mnats i forsen till gl\u00e4dje f\u00f6r insekter och f\u00e5glar \u00e4r nu kl\u00e4dda i vackra kjolar av iskristaller. De f\u00e5r nu&nbsp;vara isprinsessor som gl\u00e4der vandraren l\u00e4ngs kungastigen.<\/p>\n<p>&nbsp;<\/p>\n<p><a href=\"http:\/\/ingemar.alenas.se\/wp-content\/uploads\/2016\/02\/IMG_8250.jpg\" rel=\"attachment wp-att-2185\"><img loading=\"lazy\" decoding=\"async\" width=\"300\" height=\"246\" class=\"size-medium wp-image-2185 alignright\" alt=\"IMG_8250\" src=\"http:\/\/ingemar.alenas.se\/wp-content\/uploads\/2016\/02\/IMG_8250-300x246.jpg\" srcset=\"https:\/\/ingemar.alenas.se\/wp-content\/uploads\/2016\/02\/IMG_8250-300x246.jpg 300w, https:\/\/ingemar.alenas.se\/wp-content\/uploads\/2016\/02\/IMG_8250-768x631.jpg 768w, https:\/\/ingemar.alenas.se\/wp-content\/uploads\/2016\/02\/IMG_8250.jpg 1000w\" sizes=\"auto, (max-width: 300px) 100vw, 300px\" \/><\/a><\/p>\n<p>&nbsp;<\/p>\n<p>Dagens promenad avslutades med ett d\u00e5n i strandskogen n\u00e4r duvh\u00f6ken kolliderade med n\u00e5gra grenar i jakten p\u00e5 duva som middagsm\u00e5l. F\u00f6rest\u00e4llningen var \u00f6ver p\u00e5 n\u00e5gra sekunder. Underbart \u00e4r kort!<\/p>\n<p>T\u00e4nk vilken ny milj\u00f6 som skapats vid Hertingforsen inom stadens hank och st\u00f6r! Milj\u00f6n \u00e4r njutbar vintertid och nu kommer snart v\u00e5rens skira gr\u00f6nska l\u00e4ngs promenaden&#8221;.<\/p>\n<p>Text och foto \u00a9 Ingemar Alen\u00e4s<\/p>\n<p><a href=\"http:\/\/ingemar.alenas.se\/wp-content\/uploads\/2016\/02\/IMG_8136.jpg\" rel=\"attachment wp-att-2183\"><img loading=\"lazy\" decoding=\"async\" width=\"1000\" height=\"585\" class=\"wp-image-2183 size-full alignnone\" alt=\"IMG_8136\" src=\"http:\/\/ingemar.alenas.se\/wp-content\/uploads\/2016\/02\/IMG_8136.jpg\" srcset=\"https:\/\/ingemar.alenas.se\/wp-content\/uploads\/2016\/02\/IMG_8136.jpg 1000w, https:\/\/ingemar.alenas.se\/wp-content\/uploads\/2016\/02\/IMG_8136-300x176.jpg 300w, https:\/\/ingemar.alenas.se\/wp-content\/uploads\/2016\/02\/IMG_8136-768x449.jpg 768w\" sizes=\"auto, (max-width: 1000px) 100vw, 1000px\" \/><\/a><\/p>\n","protected":false},"excerpt":{"rendered":"<p>2016-02-16 Iskristaller och en vintersol som skapar konstverk vid Heringforsen. Hundra kubikmeter vatten dansar fram i den naturliga \u00e5f\u00e5ran. Tretton tusen laxyngel lever i den kalla men syrerika forsen. Str\u00f6mstarar f\u00e5ngar sl\u00e4ndelarver och dyker i det iskalla vattnet. Den som ger sig ut en promenad utefter Kungastigen kan uppleva Kung Bores konstverk vid forsen. Vattnet &hellip; <a href=\"https:\/\/ingemar.alenas.se\/?page_id=2165\" class=\"more-link\">Forts\u00e4tt l\u00e4sa <span class=\"screen-reader-text\">Vinter vid Hertingforsen<\/span> <span class=\"meta-nav\">&rarr;<\/span><\/a><\/p>\n","protected":false},"author":1,"featured_media":2166,"parent":25,"menu_order":2,"comment_status":"closed","ping_status":"closed","template":"","meta":{"ngg_post_thumbnail":0,"footnotes":""},"class_list":["post-2165","page","type-page","status-publish","has-post-thumbnail","hentry"],"_links":{"self":[{"href":"https:\/\/ingemar.alenas.se\/index.php?rest_route=\/wp\/v2\/pages\/2165","targetHints":{"allow":["GET"]}}],"collection":[{"href":"https:\/\/ingemar.alenas.se\/index.php?rest_route=\/wp\/v2\/pages"}],"about":[{"href":"https:\/\/ingemar.alenas.se\/index.php?rest_route=\/wp\/v2\/types\/page"}],"author":[{"embeddable":true,"href":"https:\/\/ingemar.alenas.se\/index.php?rest_route=\/wp\/v2\/users\/1"}],"replies":[{"embeddable":true,"href":"https:\/\/ingemar.alenas.se\/index.php?rest_route=%2Fwp%2Fv2%2Fcomments&post=2165"}],"version-history":[{"count":23,"href":"https:\/\/ingemar.alenas.se\/index.php?rest_route=\/wp\/v2\/pages\/2165\/revisions"}],"predecessor-version":[{"id":4450,"href":"https:\/\/ingemar.alenas.se\/index.php?rest_route=\/wp\/v2\/pages\/2165\/revisions\/4450"}],"up":[{"embeddable":true,"href":"https:\/\/ingemar.alenas.se\/index.php?rest_route=\/wp\/v2\/pages\/25"}],"wp:featuredmedia":[{"embeddable":true,"href":"https:\/\/ingemar.alenas.se\/index.php?rest_route=\/wp\/v2\/media\/2166"}],"wp:attachment":[{"href":"https:\/\/ingemar.alenas.se\/index.php?rest_route=%2Fwp%2Fv2%2Fmedia&parent=2165"}],"curies":[{"name":"wp","href":"https:\/\/api.w.org\/{rel}","templated":true}]}}