{"id":19,"date":"2015-01-31T21:43:48","date_gmt":"2015-01-31T21:43:48","guid":{"rendered":"http:\/\/naturligtvis.alenas.se\/?page_id=19"},"modified":"2026-04-04T16:27:48","modified_gmt":"2026-04-04T16:27:48","slug":"valkommen2","status":"publish","type":"page","link":"https:\/\/ingemar.alenas.se\/","title":{"rendered":"V\u00e4lkommen !"},"content":{"rendered":"<p>Vi erbjuder nu nya f\u00f6rel\u00e4sningar&nbsp; under 2026 med anledning av firmans deltagande i SVT programmen &#8221;Uppdrag Granskning&#8221; &#8221;Den sista \u00e5len&#8221;, &#8221;Den sista \u00e5len &#8211; vad h\u00e4nde sen?&#8221; och &#8221;Ursprungs\u00e5len&#8221; Vi tar Er med p\u00e5 en sp\u00e4nnande resa bland \u00e5lar och laxar och kanske f\u00e5r Ni en inblick i vad som sker &#8221;bakom kulisserna&#8221;. Fr\u00e5gan \u00e4r fortfarande politiskt &#8221;het&#8221;.<\/p>\n<p>Firman deltog ocks\u00e5 vid tonfiskm\u00e4rkning d\u00e4r inspelning skedde f\u00f6r filmen &#8221;Fiskarnas Rike&#8221;. Tonfisken har kommit tillbaka till Sveriges Natur &#8211; l\u00e4r mer om denna fascinerande vandringsfisk! Vi kan anpassa f\u00f6redragen efter Era aktuella \u00f6nskem\u00e5l.&nbsp;<\/p>\n<p><img loading=\"lazy\" decoding=\"async\" class=\"alignleft\" src=\"https:\/\/ingemar.alenas.se\/wp-content\/uploads\/2022\/01\/Naturrutan-300x203.jpg\" width=\"221\" height=\"149\">Hertingforsen firar i \u00e5r 12-\u00e5rsjubileum och \u00e4r ett av f\u00e5 exempel i Sverige p\u00e5 en helt lyckad \u00e5terst\u00e4llning av ett reglerat vatten. Vi visar detta goda exempel och guidar f\u00f6r att sprida kunskap inf\u00f6r kommande&nbsp; ompr\u00f6vning av vattendomar och vattenverksamheter f\u00f6r hundratals svenska vatten.<\/p>\n<p>Vi \u00f6nskar alla v\u00e5ra v\u00e4nner och kunder en riktigt fin v\u00e5r!<br \/>\nGlsd P\u00e5sk!<\/p>\n<p><a href=\"https:\/\/ingemar.alenas.se\/wp-content\/uploads\/2026\/04\/Glad-Pask-P6500513.jpg\"><img loading=\"lazy\" decoding=\"async\" class=\"alignnone size-large wp-image-17034\" src=\"https:\/\/ingemar.alenas.se\/wp-content\/uploads\/2026\/04\/Glad-Pask-P6500513-1024x626.jpg\" alt=\"\" width=\"474\" height=\"290\" srcset=\"https:\/\/ingemar.alenas.se\/wp-content\/uploads\/2026\/04\/Glad-Pask-P6500513-1024x626.jpg 1024w, https:\/\/ingemar.alenas.se\/wp-content\/uploads\/2026\/04\/Glad-Pask-P6500513-300x183.jpg 300w, https:\/\/ingemar.alenas.se\/wp-content\/uploads\/2026\/04\/Glad-Pask-P6500513-768x470.jpg 768w, https:\/\/ingemar.alenas.se\/wp-content\/uploads\/2026\/04\/Glad-Pask-P6500513-1536x939.jpg 1536w, https:\/\/ingemar.alenas.se\/wp-content\/uploads\/2026\/04\/Glad-Pask-P6500513.jpg 2000w\" sizes=\"auto, (max-width: 474px) 100vw, 474px\" \/><\/a><\/p>\n<p>&nbsp;<\/p>\n<h1 style=\"text-align: center;\"><strong>Firma Inger o Ingemar Alen\u00e4s<\/strong><\/h1>\n<p style=\"text-align: center;\">Vi har genomg\u00e5tt&nbsp; godk\u00e4nd V\u00e4rdskapsutbildning<br \/>\nDestination Halland<br \/>\nEuropeiska regionala utvecklingsfonden<\/p>\n<p style=\"text-align: center;\"><a href=\"https:\/\/ingemar.alenas.se\/wp-content\/uploads\/2018\/02\/Diplom-Inger-Alen\u00e4s.jpg\"><br \/>\n<img loading=\"lazy\" decoding=\"async\" class=\"size-medium wp-image-5256 aligncenter\" src=\"https:\/\/ingemar.alenas.se\/wp-content\/uploads\/2018\/02\/Diplom-Inger-Alen\u00e4s-207x300.jpg\" alt=\"\" width=\"207\" height=\"300\" srcset=\"https:\/\/ingemar.alenas.se\/wp-content\/uploads\/2018\/02\/Diplom-Inger-Alen\u00e4s-207x300.jpg 207w, https:\/\/ingemar.alenas.se\/wp-content\/uploads\/2018\/02\/Diplom-Inger-Alen\u00e4s.jpg 500w\" sizes=\"auto, (max-width: 207px) 100vw, 207px\" \/><\/a><a href=\"https:\/\/ingemar.alenas.se\/wp-content\/uploads\/2018\/02\/Diplom-Ingemar.jpg\"><img loading=\"lazy\" decoding=\"async\" class=\"size-medium wp-image-5257 aligncenter\" src=\"https:\/\/ingemar.alenas.se\/wp-content\/uploads\/2018\/02\/Diplom-Ingemar-203x300.jpg\" alt=\"\" width=\"203\" height=\"300\" srcset=\"https:\/\/ingemar.alenas.se\/wp-content\/uploads\/2018\/02\/Diplom-Ingemar-203x300.jpg 203w, https:\/\/ingemar.alenas.se\/wp-content\/uploads\/2018\/02\/Diplom-Ingemar.jpg 500w\" sizes=\"auto, (max-width: 203px) 100vw, 203px\" \/><\/a><\/p>\n<h3><strong>F\u00f6redrag exempel 2026<\/strong><\/h3>\n<p><strong>\u00c5lens hemliga liv <\/strong>F\u00f6lj med p\u00e5 \u00e5lens farofyllda och slingrande resa de 800 milen fr\u00e5n Sargassohavet till sj\u00f6n Fegen. V\u00e5ra \u00e5lar \u00e4r ca 20 \u00e5r gamla n\u00e4r de skall \u00e5terv\u00e4nda till Sargassohavet f\u00f6r att leka. Varf\u00f6r \u00e4r det allt f\u00e4rre \u00e5lar som klarar denna resa? Trots att m\u00e5nga \u00e5lar f\u00e5r hj\u00e4lp av b\u00e5de flyget och lastbilstransporter! Hur var det att jobba med Uppdrag Granskning?<\/p>\n<p><b>Laxen, Hallands landskapsdjur<\/b> F\u00f6lj med p\u00e5 laxens sp\u00e4nnande resa fr\u00e5n vattnen vid Gr\u00f6nland till GeK\u00e5s i Ullared. K\u00e4nner ni laxens olika namn? K\u00e4rt barn har m\u00e5nga namn och laxen har \u00f6ver 20! Hur var det att delta vid produktionen Fiskarnas Rike?<\/p>\n<p><strong>\u00c4tran, dess k\u00e4nda och ok\u00e4nda natur<\/strong>. Visste ni att \u00e5ns vatten hyser 35 olika fiskarter. Havsnejon\u00f6gat \u00e4r en rundmun som fanns p\u00e5 jorden l\u00e5ngt f\u00f6re dinosaurierna. Kungsbr\u00e4ken, kungsfiskaren och HM Kung Carl XVI Gustaf \u00e4r n\u00e5gra kungliga bes\u00f6kare vid \u00e5n.<\/p>\n<p><strong>Tonfiskens hav.<\/strong> Tonfisken har \u00e5terkommit till Svenska vatten. F\u00f6lj med p\u00e5 en fiskm\u00e4rkning och l\u00e4r mer om&nbsp; dessa havets giganter. Firman var med p\u00e5 samma b\u00e5t som Martin Falklind vid inspelning av &#8221;Fiskarnas Rike&#8221;.<\/p>\n<p><strong>\u00d6nskar ni ett f\u00f6redrag eller en guidad vandring, v\u00e4lkomna att kontakta oss med Er f\u00f6rfr\u00e5gan. Vi \u00e4r lyh\u00f6rda f\u00f6r Era \u00f6nskem\u00e5l om anpassade guidningar och f\u00f6redrag.<\/strong><\/p>\n<h3><strong>Guidningar 2026<\/strong><\/h3>\n<p><strong>\u00c4tran &#8211; Hertingprojektet<\/strong><br \/>\nGuidning &#8221;Kungastigen&#8221; 1,2 km runt forsen<br \/>\n<a href=\"https:\/\/ingemar.alenas.se\/wp-content\/uploads\/2018\/12\/Guidning-Hertingforsen-3.pdf\">Guidning Hertingforsen 3&nbsp;<\/a>(klicka f\u00f6r att l\u00e4sa mer)<br \/>\nL\u00e4nk till <a href=\"https:\/\/www.falkenberg.se\/se-gora\/naturen\/guidning-i-naturen\/\">Falkenbergs Turistinformation<\/a><br \/>\nL\u00e4s mer: <a href=\"https:\/\/ingemar.alenas.se\/wp-content\/uploads\/2018\/10\/Hertingprojektet-det-goda-exemplet-2.pdf\">Hertingprojektet det goda exemplet 2<\/a><\/p>\n<p>Allt material p\u00e5 denna webbsida \u00a9 Firma Ingemar Alen\u00e4s och \u00e4r skyddat enligt lagen om upphovsr\u00e4tt. \u00d6nskar ni anv\u00e4nda n\u00e5got foto kontakta mig.<\/p>\n<p>I mitt arbete finns \u00c4tran med som en &#8221;bl\u00e5 tr\u00e5d&#8221;.<br \/>\nD\u00e4rf\u00f6r har jag ocks\u00e5 registrerat adressen <a href=\"http:\/\/www.\u00e4tran.se\"><u><span style=\"color: #0066cc;\">www.\u00e4tran.se<\/span><\/u><\/a><br \/>\nLoggan \u00e4r en vattendroppe med ett&nbsp;befruktat fisk\u00e4gg.<br \/>\nSymboler viktiga f\u00f6r allt liv!<\/p>\n<p><a href=\"https:\/\/ingemar.alenas.se\/wp-content\/uploads\/2018\/12\/Visitkort-2-P2100010.jpg\"><img loading=\"lazy\" decoding=\"async\" class=\"alignnone size-full wp-image-6422\" src=\"https:\/\/ingemar.alenas.se\/wp-content\/uploads\/2018\/12\/Visitkort-2-P2100010.jpg\" alt=\"\" width=\"500\" height=\"322\" srcset=\"https:\/\/ingemar.alenas.se\/wp-content\/uploads\/2018\/12\/Visitkort-2-P2100010.jpg 500w, https:\/\/ingemar.alenas.se\/wp-content\/uploads\/2018\/12\/Visitkort-2-P2100010-300x193.jpg 300w\" sizes=\"auto, (max-width: 500px) 100vw, 500px\" \/><\/a><\/p>\n<p>Lite aktuell historik om Webbsidan (2025-04-19):<br \/>\nAntal tr\u00e4ffar senaste veckan (7 dagar) 2 870 bes\u00f6k<br \/>\nAntal tr\u00e4ffar senaste m\u00e5naden (30 dagar) 11 200 bes\u00f6k<br \/>\nAntal tr\u00e4ffar senaste halv\u00e5ret&nbsp; 105 700 bes\u00f6k<br \/>\nAntal tr\u00e4ffar sedan start 841 900 bes\u00f6k<\/p>\n","protected":false},"excerpt":{"rendered":"<p>Vi erbjuder nu nya f\u00f6rel\u00e4sningar&nbsp; under 2026 med anledning av firmans deltagande i SVT programmen &#8221;Uppdrag Granskning&#8221; &#8221;Den sista \u00e5len&#8221;, &#8221;Den sista \u00e5len &#8211; vad h\u00e4nde sen?&#8221; och &#8221;Ursprungs\u00e5len&#8221; Vi tar Er med p\u00e5 en sp\u00e4nnande resa bland \u00e5lar och laxar och kanske f\u00e5r Ni en inblick i vad som sker &#8221;bakom kulisserna&#8221;. Fr\u00e5gan \u00e4r &hellip; <a href=\"https:\/\/ingemar.alenas.se\/\" class=\"more-link\">Forts\u00e4tt l\u00e4sa <span class=\"screen-reader-text\">V\u00e4lkommen !<\/span> <span class=\"meta-nav\">&rarr;<\/span><\/a><\/p>\n","protected":false},"author":1,"featured_media":10409,"parent":0,"menu_order":1,"comment_status":"closed","ping_status":"closed","template":"","meta":{"ngg_post_thumbnail":0,"footnotes":""},"class_list":["post-19","page","type-page","status-publish","has-post-thumbnail","hentry"],"_links":{"self":[{"href":"https:\/\/ingemar.alenas.se\/index.php?rest_route=\/wp\/v2\/pages\/19","targetHints":{"allow":["GET"]}}],"collection":[{"href":"https:\/\/ingemar.alenas.se\/index.php?rest_route=\/wp\/v2\/pages"}],"about":[{"href":"https:\/\/ingemar.alenas.se\/index.php?rest_route=\/wp\/v2\/types\/page"}],"author":[{"embeddable":true,"href":"https:\/\/ingemar.alenas.se\/index.php?rest_route=\/wp\/v2\/users\/1"}],"replies":[{"embeddable":true,"href":"https:\/\/ingemar.alenas.se\/index.php?rest_route=%2Fwp%2Fv2%2Fcomments&post=19"}],"version-history":[{"count":403,"href":"https:\/\/ingemar.alenas.se\/index.php?rest_route=\/wp\/v2\/pages\/19\/revisions"}],"predecessor-version":[{"id":17037,"href":"https:\/\/ingemar.alenas.se\/index.php?rest_route=\/wp\/v2\/pages\/19\/revisions\/17037"}],"wp:featuredmedia":[{"embeddable":true,"href":"https:\/\/ingemar.alenas.se\/index.php?rest_route=\/wp\/v2\/media\/10409"}],"wp:attachment":[{"href":"https:\/\/ingemar.alenas.se\/index.php?rest_route=%2Fwp%2Fv2%2Fmedia&parent=19"}],"curies":[{"name":"wp","href":"https:\/\/api.w.org\/{rel}","templated":true}]}}