{"id":164,"date":"2015-02-03T20:35:55","date_gmt":"2015-02-03T20:35:55","guid":{"rendered":"http:\/\/naturligtvis.alenas.se\/?page_id=164"},"modified":"2015-04-04T09:18:21","modified_gmt":"2015-04-04T09:18:21","slug":"sida-8-natur","status":"publish","type":"page","link":"https:\/\/ingemar.alenas.se\/?page_id=164","title":{"rendered":"Fotogalleri"},"content":{"rendered":"<p><a href=\"http:\/\/naturligtvis.alenas.se\/wp-content\/uploads\/2015\/02\/IMG_9769.jpg\">\u00a0<\/a>Alla foton \u00a9 Ingemar Alen\u00e4s om inte annat anges.<br \/>\n\u00f6nskar ni anv\u00e4nda n\u00e5got foto kontakta mig.<\/p>\n<p>Undermenyerna har olika kategorier som<\/p>\n<p>Trollsl\u00e4ndor\u00a0 Fj\u00e4rilar\u00a0\u00a0\u00a0\u00a0\u00a0\u00a0\u00a0\u00a0\u00a0 Bin\u00a0\u00a0\u00a0\u00a0\u00a0\u00a0\u00a0\u00a0\u00a0\u00a0\u00a0\u00a0\u00a0\u00a0\u00a0\u00a0 F\u00e5glar\u00a0\u00a0\u00a0\u00a0\u00a0\u00a0\u00a0\u00a0\u00a0\u00a0\u00a0 Djur\u00a0\u00a0\u00a0\u00a0\u00a0\u00a0\u00a0\u00a0\u00a0\u00a0\u00a0 Natur<\/p>\n<p><a href=\"http:\/\/naturligtvis.alenas.se\/wp-content\/uploads\/2015\/02\/Bred-trollsl\u00e4nda-IMG_2192-kopia.jpg\"><img loading=\"lazy\" decoding=\"async\" class=\" wp-image-259\" src=\"http:\/\/naturligtvis.alenas.se\/wp-content\/uploads\/2015\/02\/Bred-trollsl\u00e4nda-IMG_2192-kopia-150x150.jpg\" alt=\"Bred trollsl\u00e4nda IMG_2192 - kopia\" width=\"76\" height=\"76\" \/><\/a><a href=\"http:\/\/naturligtvis.alenas.se\/wp-content\/uploads\/2015\/02\/Sorgmantel-IMG_0604.jpg\"><img loading=\"lazy\" decoding=\"async\" class=\"  wp-image-209 alignnone\" src=\"http:\/\/naturligtvis.alenas.se\/wp-content\/uploads\/2015\/02\/Sorgmantel-IMG_0604-150x150.jpg\" alt=\"Sorgmantel IMG_0604\" width=\"75\" height=\"75\" \/><\/a><a href=\"http:\/\/naturligtvis.alenas.se\/wp-content\/uploads\/2015\/02\/IMG_2923-kopia-kopia.jpg\"><img loading=\"lazy\" decoding=\"async\" class=\" wp-image-369\" src=\"http:\/\/naturligtvis.alenas.se\/wp-content\/uploads\/2015\/02\/IMG_2923-kopia-kopia.jpg\" alt=\"Bl\u00e5klocksbi\" width=\"73\" height=\"77\" srcset=\"https:\/\/ingemar.alenas.se\/wp-content\/uploads\/2015\/02\/IMG_2923-kopia-kopia.jpg 1900w, https:\/\/ingemar.alenas.se\/wp-content\/uploads\/2015\/02\/IMG_2923-kopia-kopia-285x300.jpg 285w, https:\/\/ingemar.alenas.se\/wp-content\/uploads\/2015\/02\/IMG_2923-kopia-kopia-973x1024.jpg 973w\" sizes=\"auto, (max-width: 73px) 100vw, 73px\" \/><\/a><a href=\"http:\/\/naturligtvis.alenas.se\/wp-content\/uploads\/2015\/02\/Domherre-IMG_0267-kopia.jpg\"><img loading=\"lazy\" decoding=\"async\" class=\"alignnone  wp-image-294\" src=\"http:\/\/naturligtvis.alenas.se\/wp-content\/uploads\/2015\/02\/Domherre-IMG_0267-kopia-150x150.jpg\" alt=\"Domherre IMG_0267 - kopia\" width=\"75\" height=\"75\" \/><\/a><a href=\"http:\/\/naturligtvis.alenas.se\/wp-content\/uploads\/2015\/02\/Ekorre-Lill\u00e5n-IMG_9058-kopia.jpg\"><img loading=\"lazy\" decoding=\"async\" class=\"alignnone  wp-image-312\" src=\"http:\/\/naturligtvis.alenas.se\/wp-content\/uploads\/2015\/02\/Ekorre-Lill\u00e5n-IMG_9058-kopia-150x150.jpg\" alt=\"Ekorre Lill\u00e5n IMG_9058 - kopia\" width=\"73\" height=\"73\" \/><\/a><a href=\"http:\/\/naturligtvis.alenas.se\/wp-content\/uploads\/2015\/02\/IMG_9264.jpg\"><img loading=\"lazy\" decoding=\"async\" class=\"alignnone  wp-image-320\" src=\"http:\/\/naturligtvis.alenas.se\/wp-content\/uploads\/2015\/02\/IMG_9264-150x150.jpg\" alt=\"IMG_9264\" width=\"75\" height=\"75\" \/><\/a><\/p>\n<p>&nbsp;<\/p>\n<p>&nbsp;<\/p>\n<p>&nbsp;<\/p>\n<p>&nbsp;<\/p>\n<p>&nbsp;<\/p>\n<p>&nbsp;<\/p>\n<p style=\"text-align: center;\"><a href=\"http:\/\/naturligtvis.alenas.se\/wp-content\/uploads\/2015\/02\/Bl\u00e5vinge-IMG_4543-hemsida.jpg\">\u00a0<\/a><\/p>\n<p>&nbsp;<\/p>\n","protected":false},"excerpt":{"rendered":"<p>\u00a0Alla foton \u00a9 Ingemar Alen\u00e4s om inte annat anges. \u00f6nskar ni anv\u00e4nda n\u00e5got foto kontakta mig. Undermenyerna har olika kategorier som Trollsl\u00e4ndor\u00a0 Fj\u00e4rilar\u00a0\u00a0\u00a0\u00a0\u00a0\u00a0\u00a0\u00a0\u00a0 Bin\u00a0\u00a0\u00a0\u00a0\u00a0\u00a0\u00a0\u00a0\u00a0\u00a0\u00a0\u00a0\u00a0\u00a0\u00a0\u00a0 F\u00e5glar\u00a0\u00a0\u00a0\u00a0\u00a0\u00a0\u00a0\u00a0\u00a0\u00a0\u00a0 Djur\u00a0\u00a0\u00a0\u00a0\u00a0\u00a0\u00a0\u00a0\u00a0\u00a0\u00a0 Natur &nbsp; &nbsp; &nbsp; &nbsp; &nbsp; &nbsp; \u00a0 &nbsp;<\/p>\n","protected":false},"author":1,"featured_media":389,"parent":0,"menu_order":8,"comment_status":"closed","ping_status":"closed","template":"","meta":{"ngg_post_thumbnail":0,"footnotes":""},"class_list":["post-164","page","type-page","status-publish","has-post-thumbnail","hentry"],"_links":{"self":[{"href":"https:\/\/ingemar.alenas.se\/index.php?rest_route=\/wp\/v2\/pages\/164","targetHints":{"allow":["GET"]}}],"collection":[{"href":"https:\/\/ingemar.alenas.se\/index.php?rest_route=\/wp\/v2\/pages"}],"about":[{"href":"https:\/\/ingemar.alenas.se\/index.php?rest_route=\/wp\/v2\/types\/page"}],"author":[{"embeddable":true,"href":"https:\/\/ingemar.alenas.se\/index.php?rest_route=\/wp\/v2\/users\/1"}],"replies":[{"embeddable":true,"href":"https:\/\/ingemar.alenas.se\/index.php?rest_route=%2Fwp%2Fv2%2Fcomments&post=164"}],"version-history":[{"count":54,"href":"https:\/\/ingemar.alenas.se\/index.php?rest_route=\/wp\/v2\/pages\/164\/revisions"}],"predecessor-version":[{"id":781,"href":"https:\/\/ingemar.alenas.se\/index.php?rest_route=\/wp\/v2\/pages\/164\/revisions\/781"}],"wp:featuredmedia":[{"embeddable":true,"href":"https:\/\/ingemar.alenas.se\/index.php?rest_route=\/wp\/v2\/media\/389"}],"wp:attachment":[{"href":"https:\/\/ingemar.alenas.se\/index.php?rest_route=%2Fwp%2Fv2%2Fmedia&parent=164"}],"curies":[{"name":"wp","href":"https:\/\/api.w.org\/{rel}","templated":true}]}}