{"id":1491,"date":"2015-09-21T21:15:24","date_gmt":"2015-09-21T21:15:24","guid":{"rendered":"http:\/\/ingemar.alenas.se\/?page_id=1491"},"modified":"2022-09-06T08:03:13","modified_gmt":"2022-09-06T08:03:13","slug":"atran-ett-varldsarv","status":"publish","type":"page","link":"https:\/\/ingemar.alenas.se\/?page_id=1491","title":{"rendered":"\u00c4tran &#8211; ett v\u00e4rldsarv"},"content":{"rendered":"<p>Ph. D. Courtland Smith Oregon USA: <strong><em>\u201cTo have the \u00c4tran River as a heritage site, where the salmon being both protected and studied would be a treasure for the world, the European\u2019s and for the people in this region\u201d.<\/em><\/strong><\/p>\n<p>Courtland \u00e4r en av v\u00e4rldens fr\u00e4msta laxexperter<br \/>\noch&nbsp;har arbetat med stora Amerikanska lax\u00e4lvar. Se filmen<br \/>\n<a href=\"https:\/\/vimeo.com\/channels\/thenewlocalism\/132785443\">Restoring Americas Greatest Salmon River.<\/a><br \/>\nCourtland bes\u00f6kte Sverige och Halland d\u00e4r han bes\u00f6kte v\u00e4rldsarvet Grimeton. H\u00f6gvads\u00e5n och \u00c4tran med laxen f\u00e5ngade hans intresse.<br \/>\nSe bilder fr\u00e5n hans bes\u00f6k <a href=\"http:\/\/www.vattenorganisationer.se\/atransvro\/modules.php?name=Content&amp;op=showcontent&amp;id=933\">h\u00e4r.&nbsp;<\/a>(sidan f\u00f6r \u00c4trans Vattenr\u00e5d nedlagd)<\/p>\n<p>\u00c4tran med laxen ett v\u00e4rldsarv? Se kommunekologens motivering:<br \/>\n<a href=\"http:\/\/ingemar.alenas.se\/wp-content\/uploads\/2015\/09\/\u00c4tranlaxen-v\u00e4rldsarv.pdf\">\u00c4tranlaxen v\u00e4rldsarv<\/a><\/p>\n<p>Hertingforsen \u00e4r restaurerad och vandringsfisken har f\u00e5tt fria vandringsv\u00e4gar. Se filmen om \u00c4tran <a href=\"https:\/\/www.youtube.com\/watch?v=Hv5WnfIsxXk\" target=\"_blank\" rel=\"noopener noreferrer\">Fria Vatten (30 min)<\/a><\/p>\n<p>Kommunr\u00e5d Mari-Louise Wernersson Falkenberg: <strong><em>\u201dVi har l\u00e5nat \u00c4tran i drygt 60 \u00e5r och nu \u00e4r tid att l\u00e4mna tillbaka Hertingforsen till v\u00e5ra barn och barnbarn\u201d<\/em><\/strong><\/p>\n<p>Docent Olle Calles Karlstads Universitet 2015: <strong><em>\u201dState of the Art, de h\u00f6ga passageeffektiviteterna f\u00f6r flera arter och livsstadier (vid Herting) saknar motstycke i litteraturen&#8221;<\/em><\/strong><\/p>\n<p>Fiskerikonsulent Brodde Almer Halmstad: <strong><em>\u201cDet som \u00e4r bra f\u00f6r laxen \u00e4r bra f\u00f6r Halland\u201d <\/em><\/strong><\/p>\n<p><a href=\"https:\/\/www.kungahuset.se\/arkiv\/tal\/2014-04-01-h.m.-konungens-tal-vid-hertingforsen\" target=\"_blank\" rel=\"noopener noreferrer\">Kung Carl XVI Gustafs invigningstal<\/a> vid Hertingforsen<\/p>\n<p><a href=\"https:\/\/nanopdf.com\/download\/tal-strandbaden-2014-04-01-hm-konung-carl-xvi-gustaf-inviger_pdf\" target=\"_blank\" rel=\"noopener noreferrer\">Kommunekologens tal vid invigningen av Hertingforsen<\/a><\/p>\n<p>Laxens olika namn &#8211; k\u00e4rt barn har m\u00e5nga namn.<br \/>\nL\u00e4s om laxens 25 olika namn.<br \/>\n<a href=\"http:\/\/ingemar.alenas.se\/wp-content\/uploads\/2015\/09\/Laxens-olika-namn.pdf\">Laxens olika namn<\/a><\/p>\n<p>Hertingprojektet &#8211; ett lyft f\u00f6r \u00c4trans unika laxbest\u00e5nd <a href=\"http:\/\/www.hn.se\/%C3%A5sikter\/ordet-%C3%A4r-fritt\/hertingprojektet-ett-lyft-f%C3%B6r-%C3%A4trans-unika-laxbest%C3%A5nd-1.1754068\"><u><span style=\"color: #0066cc;\">HN<\/span><\/u><\/a><\/p>\n<p>&nbsp;<\/p>\n","protected":false},"excerpt":{"rendered":"<p>Ph. D. Courtland Smith Oregon USA: \u201cTo have the \u00c4tran River as a heritage site, where the salmon being both protected and studied would be a treasure for the world, the European\u2019s and for the people in this region\u201d. Courtland \u00e4r en av v\u00e4rldens fr\u00e4msta laxexperter och&nbsp;har arbetat med stora Amerikanska lax\u00e4lvar. Se filmen Restoring &hellip; <a href=\"https:\/\/ingemar.alenas.se\/?page_id=1491\" class=\"more-link\">Forts\u00e4tt l\u00e4sa <span class=\"screen-reader-text\">\u00c4tran &#8211; ett v\u00e4rldsarv<\/span> <span class=\"meta-nav\">&rarr;<\/span><\/a><\/p>\n","protected":false},"author":1,"featured_media":1501,"parent":25,"menu_order":1,"comment_status":"closed","ping_status":"closed","template":"","meta":{"ngg_post_thumbnail":0,"footnotes":""},"class_list":["post-1491","page","type-page","status-publish","has-post-thumbnail","hentry"],"_links":{"self":[{"href":"https:\/\/ingemar.alenas.se\/index.php?rest_route=\/wp\/v2\/pages\/1491","targetHints":{"allow":["GET"]}}],"collection":[{"href":"https:\/\/ingemar.alenas.se\/index.php?rest_route=\/wp\/v2\/pages"}],"about":[{"href":"https:\/\/ingemar.alenas.se\/index.php?rest_route=\/wp\/v2\/types\/page"}],"author":[{"embeddable":true,"href":"https:\/\/ingemar.alenas.se\/index.php?rest_route=\/wp\/v2\/users\/1"}],"replies":[{"embeddable":true,"href":"https:\/\/ingemar.alenas.se\/index.php?rest_route=%2Fwp%2Fv2%2Fcomments&post=1491"}],"version-history":[{"count":14,"href":"https:\/\/ingemar.alenas.se\/index.php?rest_route=\/wp\/v2\/pages\/1491\/revisions"}],"predecessor-version":[{"id":12712,"href":"https:\/\/ingemar.alenas.se\/index.php?rest_route=\/wp\/v2\/pages\/1491\/revisions\/12712"}],"up":[{"embeddable":true,"href":"https:\/\/ingemar.alenas.se\/index.php?rest_route=\/wp\/v2\/pages\/25"}],"wp:featuredmedia":[{"embeddable":true,"href":"https:\/\/ingemar.alenas.se\/index.php?rest_route=\/wp\/v2\/media\/1501"}],"wp:attachment":[{"href":"https:\/\/ingemar.alenas.se\/index.php?rest_route=%2Fwp%2Fv2%2Fmedia&parent=1491"}],"curies":[{"name":"wp","href":"https:\/\/api.w.org\/{rel}","templated":true}]}}