{"id":13911,"date":"2023-05-19T19:15:35","date_gmt":"2023-05-19T19:15:35","guid":{"rendered":"https:\/\/ingemar.alenas.se\/?page_id=13911"},"modified":"2023-05-19T19:16:48","modified_gmt":"2023-05-19T19:16:48","slug":"kalkning","status":"publish","type":"page","link":"https:\/\/ingemar.alenas.se\/?page_id=13911","title":{"rendered":"Kalkning"},"content":{"rendered":"\n<p>Varf\u00f6r kalkas v\u00e5ra sj\u00f6ar?<\/p>\n\n\n\n<p><strong>2023-03-21 Vi har kalkat ca 4500 sj\u00f6ar i Sverige. Regeringen har beslutat om en neddragning med 1\/3 av kalkm\u00e4ngden. Konsekvensen kan bli att 1500 sj\u00f6ar blir utan kalk och d\u00e4rmed \u00e5terf\u00f6rsuras.<\/strong><\/p>\n\n\n\n<p>Kalkningen av Sveriges f\u00f6rsurade vatten har varit en av v\u00e5ra mest framg\u00e5ngsrika milj\u00f6\u00e5tg\u00e4rder som delvis l\u00f6st ett av v\u00e5ra allvarligaste milj\u00f6problem. Har vi redan gl\u00f6mt bort f\u00f6rsurningsd\u00f6den som h\u00f6ll Sverige i sitt j\u00e4rngrepp p\u00e5 1970-talet? Kanske dags att p\u00e5minna beslutande f\u00f6rsamling om vad f\u00f6rsurningen av v\u00e5ra vatten orsakade och kan orsaka.<\/p>\n\n\n\n<p>Sura sj\u00f6ar samlade ov\u00e4ntade m\u00e4ngder av f\u00f6rorenande kvicksilver. Kvinnor avr\u00e5ddes fr\u00e5n att \u00e4ta fisk fr\u00e5n f\u00f6rsurade svenska insj\u00f6ar. Kvicksilvret \u00f6verf\u00f6rs via moderkakan och br\u00f6stmj\u00f6lken till fostret. Kvicksilver \u00e4r ett allvarligt milj\u00f6gift d\u00e4r speciellt barn p\u00e5verkas genom nerv- och hj\u00e4rnskador.<\/p>\n\n\n\n<p>Sura vatten f\u00e5r h\u00f6ga halter av j\u00e4rn, mangan och aluminium. Brist uppst\u00e5r av kalcium och magnesium. Obotliga skador uppst\u00e5r p\u00e5 m\u00e5nga fiskbest\u00e5nd. Flodkr\u00e4ftan f\u00f6rsvinner. M\u00f6rtens reproduktion upph\u00f6r. Abborren f\u00e5r allvarliga skelettskador och ryggraden deformeras. \u201dVanskapta\u201d abborrar kl\u00e4cks med puckelrygg, glos\u00f6gon och underbett.<\/p>\n\n\n\n<p>Laxen var n\u00e4ra att f\u00f6rsvinna fr\u00e5n \u00c4tran p\u00e5 1970-talet. Det unika laxbest\u00e5ndet r\u00e4ddades n\u00e4r v\u00e4rldens st\u00f6rsta kalkningsprojekt startades i rinnande vatten 1978 i H\u00f6gvads\u00e5n. \u00c4ven havs\u00f6ring och \u00e5lyngel \u00e4r beroende av neutrala pH-v\u00e4rden i sj\u00f6ar och vattendrag. Falkenbergs kommun fick 2010 EU-bidrag f\u00f6r att med sj\u00f6kalkning r\u00e4dda den akut hotade europeiska \u00e5len fr\u00e5n f\u00f6rsurningsd\u00f6den i svenska vatten.<\/p>\n\n\n\n<p>Detta \u00e4r n\u00e5gra p\u00e5tagliga effekter av f\u00f6rsurningen. Faktum \u00e4r att kalkningen \u201davgiftat\u201d v\u00e5ra vatten och d\u00e4rmed r\u00e4ddat ca 50% av den biologiska m\u00e5ngfalden. Minskar vi kalkningen tappar vi de naturv\u00e4rden vi byggt upp under 40 \u00e5rs kalkning och skadorna kommer tillbaka igen.<\/p>\n\n\n\n<p>Milj\u00f6ministern anger <strong>det tuffa ekonomiska l\u00e4get<\/strong> som orsak till att nu minska milj\u00f6\u00e5tg\u00e4rderna i v\u00e5ra vatten. Kalkningen \u00e4r en l\u00e5ngsiktig milj\u00f6\u00e5tg\u00e4rd som byggt upp och restaurerat den biologiska m\u00e5ngfalden i tusentals svenska vatten. Till\u00e5ts \u00e5terf\u00f6rsurning \u00f6kar \u00e5ter h\u00e4lsorisken f\u00f6r barn och kvinnors exponering f\u00f6r kvicksilver. Konsumtion av insj\u00f6fisk blir en \u00f6kad h\u00e4lsorisk f\u00f6r landsbygden, turister och fisk\u00e4lskare.<\/p>\n\n\n\n<p>\u00c4r vi beredda att offra naturens artrikedom och ekosystemtj\u00e4nster p\u00e5 grund av <strong>\u201ddet tuffa ekonomiska l\u00e4get?\u201d<\/strong> \u00c4r det kanske till och med s\u00e5 att ekosystemtj\u00e4nsterna \u00e4r v\u00e4rd mer \u00e4n den blygsamma kostnaden f\u00f6r kalknings\u00e5g\u00e4rder i Sveriges unika vatten?<\/p>\n","protected":false},"excerpt":{"rendered":"<p>Varf\u00f6r kalkas v\u00e5ra sj\u00f6ar? 2023-03-21 Vi har kalkat ca 4500 sj\u00f6ar i Sverige. Regeringen har beslutat om en neddragning med 1\/3 av kalkm\u00e4ngden. Konsekvensen kan bli att 1500 sj\u00f6ar blir utan kalk och d\u00e4rmed \u00e5terf\u00f6rsuras. Kalkningen av Sveriges f\u00f6rsurade vatten har varit en av v\u00e5ra mest framg\u00e5ngsrika milj\u00f6\u00e5tg\u00e4rder som delvis l\u00f6st ett av v\u00e5ra allvarligaste &hellip; <a href=\"https:\/\/ingemar.alenas.se\/?page_id=13911\" class=\"more-link\">Forts\u00e4tt l\u00e4sa <span class=\"screen-reader-text\">Kalkning<\/span> <span class=\"meta-nav\">&rarr;<\/span><\/a><\/p>\n","protected":false},"author":1,"featured_media":0,"parent":2222,"menu_order":0,"comment_status":"closed","ping_status":"closed","template":"","meta":{"ngg_post_thumbnail":0,"footnotes":""},"class_list":["post-13911","page","type-page","status-publish","hentry"],"_links":{"self":[{"href":"https:\/\/ingemar.alenas.se\/index.php?rest_route=\/wp\/v2\/pages\/13911","targetHints":{"allow":["GET"]}}],"collection":[{"href":"https:\/\/ingemar.alenas.se\/index.php?rest_route=\/wp\/v2\/pages"}],"about":[{"href":"https:\/\/ingemar.alenas.se\/index.php?rest_route=\/wp\/v2\/types\/page"}],"author":[{"embeddable":true,"href":"https:\/\/ingemar.alenas.se\/index.php?rest_route=\/wp\/v2\/users\/1"}],"replies":[{"embeddable":true,"href":"https:\/\/ingemar.alenas.se\/index.php?rest_route=%2Fwp%2Fv2%2Fcomments&post=13911"}],"version-history":[{"count":2,"href":"https:\/\/ingemar.alenas.se\/index.php?rest_route=\/wp\/v2\/pages\/13911\/revisions"}],"predecessor-version":[{"id":13913,"href":"https:\/\/ingemar.alenas.se\/index.php?rest_route=\/wp\/v2\/pages\/13911\/revisions\/13913"}],"up":[{"embeddable":true,"href":"https:\/\/ingemar.alenas.se\/index.php?rest_route=\/wp\/v2\/pages\/2222"}],"wp:attachment":[{"href":"https:\/\/ingemar.alenas.se\/index.php?rest_route=%2Fwp%2Fv2%2Fmedia&parent=13911"}],"curies":[{"name":"wp","href":"https:\/\/api.w.org\/{rel}","templated":true}]}}