{"id":1192,"date":"2015-07-02T10:40:13","date_gmt":"2015-07-02T10:40:13","guid":{"rendered":"http:\/\/ingemar.alenas.se\/?page_id=1192"},"modified":"2018-07-02T21:33:59","modified_gmt":"2018-07-02T21:33:59","slug":"hertingforsen-nytt-turistmal","status":"publish","type":"page","link":"https:\/\/ingemar.alenas.se\/?page_id=1192","title":{"rendered":"Hertingforsen nytt turistm\u00e5l"},"content":{"rendered":"<p>Falkenberg fick 2013 en ny fors i \u00c4tran!<br \/>\n2018-04-01 Flugfisket \u00f6ppnas i Hertingforsen efter 70 \u00e5r av torrl\u00e4ggning! Detta kunde varit ett aprilsk\u00e4mt f\u00f6r 10 \u00e5r sedan men \u00e4r i dag verklighet! L\u00e4s mer <a href=\"http:\/\/www.fiskejournalen.se\/fiskekort-slappta-till-laxfiske-i-hertingforsen\/\">h\u00e4r.<\/a><br \/>\nL\u00e4s om n\u00e5gra flugfiskares upplevelser i nya forsen <a href=\"http:\/\/fiskebloggen.com\/days-in-falkenberg\/\">h\u00e4r.<\/a><\/p>\n<p>Forsarna vid Tullbron och Garvareforsen \u00e4r k\u00e4nda turistm\u00e5l f\u00f6r historiker och fiskintresserade som reser till Falkenberg. Vandrar man de natursk\u00f6na vandringsstr\u00e5ken l\u00e4ngs Doktorspromenaden eller Laxpromenaden och forts\u00e4tter uppstr\u00f6ms kommer man till Hertingforsen, som \u00f6ppnats efter att ha&nbsp;legat torrlagd i 70 \u00e5r sedan kraftverken och dammen&nbsp;byggdes 1945.<\/p>\n<p>&#8221;Kungastigen&#8221; som Carl XVI Gustaf vandrade vid invigningen i april 2014 \u00e4r s\u00e4rskilt popul\u00e4r. Det tar ca en halvtimma att g\u00e5 fr\u00e5n Laxstugan, \u00f6ver laxbron, f\u00f6rbi Svarte hall, Store sten, \u00f6ver den nya Hertingbron med laxr\u00e4knaren, f\u00f6rbi Hertings b\u00e5da kraftverk, till den gamla fiskodlingen och tillbaka till Laxstugan. H\u00e4r finns skyltar som p\u00e5 svenska och engelska ber\u00e4ttar om projektets genomf\u00f6rande,&nbsp;historik och ekologi. Skyltarna har f\u00f6r n\u00e4rvarande (2017) tagits in till kommunens f\u00f6rr\u00e5d och det \u00e4r oklart n\u00e4r de \u00e5ter kan tas i bruk.<\/p>\n<p><a href=\"http:\/\/ingemar.alenas.se\/wp-content\/uploads\/2016\/01\/IMG_7695.jpg\" rel=\"attachment wp-att-2080\"><img loading=\"lazy\" decoding=\"async\" width=\"1000\" height=\"601\" class=\"alignright wp-image-2080 size-full\" alt=\"IMG_7695\" src=\"http:\/\/ingemar.alenas.se\/wp-content\/uploads\/2016\/01\/IMG_7695.jpg\" srcset=\"https:\/\/ingemar.alenas.se\/wp-content\/uploads\/2016\/01\/IMG_7695.jpg 1000w, https:\/\/ingemar.alenas.se\/wp-content\/uploads\/2016\/01\/IMG_7695-300x180.jpg 300w, https:\/\/ingemar.alenas.se\/wp-content\/uploads\/2016\/01\/IMG_7695-768x462.jpg 768w\" sizes=\"auto, (max-width: 1000px) 100vw, 1000px\" \/><\/a>Har man turen kan man utefter promenaden se n\u00e5gon av forsens inv\u00e5nare fors\u00e4rla, kungsfiskare, str\u00f6mstare, utter eller varf\u00f6r inte en hopande \u00c4tranlax!<\/p>\n<p>\u00d6nskas guidning vid forsen med information om hur detta unika projekt kunde genomf\u00f6ras; kontakta mig. Hittills har jag guidat n\u00e5gra tusen personer vid forsen och alla har begeistrats av sk\u00f6nheten av denna unika forsmilj\u00f6 i stadens n\u00e4rhet. Nu senast i juni hade Falkenberg ett internationellt bes\u00f6k fr\u00e5n NASCO med&nbsp;representanter fr\u00e5n Ryssland, USA, Canada, Gr\u00f6nland, F\u00e4r\u00f6arna och ett flertal Europeiska medlemsl\u00e4nder. Firman guidade dessa representanter i Kungens fotsp\u00e5r och de imponerades av resultatet av det arbete som gjorts f\u00f6r Atlantlaxen vid Herting i Falkenberg.<br \/>\nL\u00e4s mer <a href=\"http:\/\/www.falkenberg.se\/upptack\/naturen\/guidning-i-naturen.html\">h\u00e4r.<\/a><\/p>\n<p>Hyllat Hertingprojekt ger eko i&nbsp;hela v\u00e4rlden L\u00e4s mer <a href=\"http:\/\/hn.se\/nyheter\/falkenberg\/1.4677826-hyllat-hertingprojekt-ger-eko-i-hela-varlden\">HN<\/a><br \/>\nHertingprojektet &#8211; ett lyft f\u00f6r \u00c4trans unika laxbest\u00e5nd <a href=\"http:\/\/www.hn.se\/%C3%A5sikter\/ordet-%C3%A4r-fritt\/hertingprojektet-ett-lyft-f%C3%B6r-%C3%A4trans-unika-laxbest%C3%A5nd-1.1754068\"><u><span style=\"color: #0066cc;\">HN<\/span><\/u><\/a><br \/>\nFortsatt gott om lax i \u00c4tran. L\u00e4nk till <a href=\"http:\/\/hn.se\/nyheter\/falkenberg\/1.4314027-fortsatt-gott-om-lax-i-atran\" target=\"_blank\" rel=\"noopener noreferrer\"><u><span style=\"color: #0066cc;\">HN<\/span><\/u><\/a><br \/>\nGuidning 2015-09-20 Vattenkraftens dag L\u00e4s mer <a href=\"http:\/\/www.hallandsvkrf.se\/?p=116\" target=\"_blank\" rel=\"noopener noreferrer\">h\u00e4r.<\/a><br \/>\n2014-06-07 Naturmorgon P1 vid Hertingforsen. Lyssna <a href=\"http:\/\/sverigesradio.se\/sida\/avsnitt\/379887?programid=1027\">h\u00e4r.<\/a><\/p>\n","protected":false},"excerpt":{"rendered":"<p>Falkenberg fick 2013 en ny fors i \u00c4tran! 2018-04-01 Flugfisket \u00f6ppnas i Hertingforsen efter 70 \u00e5r av torrl\u00e4ggning! Detta kunde varit ett aprilsk\u00e4mt f\u00f6r 10 \u00e5r sedan men \u00e4r i dag verklighet! L\u00e4s mer h\u00e4r. L\u00e4s om n\u00e5gra flugfiskares upplevelser i nya forsen h\u00e4r. Forsarna vid Tullbron och Garvareforsen \u00e4r k\u00e4nda turistm\u00e5l f\u00f6r historiker och &hellip; <a href=\"https:\/\/ingemar.alenas.se\/?page_id=1192\" class=\"more-link\">Forts\u00e4tt l\u00e4sa <span class=\"screen-reader-text\">Hertingforsen nytt turistm\u00e5l<\/span> <span class=\"meta-nav\">&rarr;<\/span><\/a><\/p>\n","protected":false},"author":1,"featured_media":1189,"parent":25,"menu_order":0,"comment_status":"closed","ping_status":"closed","template":"","meta":{"ngg_post_thumbnail":0,"footnotes":""},"class_list":["post-1192","page","type-page","status-publish","has-post-thumbnail","hentry"],"_links":{"self":[{"href":"https:\/\/ingemar.alenas.se\/index.php?rest_route=\/wp\/v2\/pages\/1192","targetHints":{"allow":["GET"]}}],"collection":[{"href":"https:\/\/ingemar.alenas.se\/index.php?rest_route=\/wp\/v2\/pages"}],"about":[{"href":"https:\/\/ingemar.alenas.se\/index.php?rest_route=\/wp\/v2\/types\/page"}],"author":[{"embeddable":true,"href":"https:\/\/ingemar.alenas.se\/index.php?rest_route=\/wp\/v2\/users\/1"}],"replies":[{"embeddable":true,"href":"https:\/\/ingemar.alenas.se\/index.php?rest_route=%2Fwp%2Fv2%2Fcomments&post=1192"}],"version-history":[{"count":21,"href":"https:\/\/ingemar.alenas.se\/index.php?rest_route=\/wp\/v2\/pages\/1192\/revisions"}],"predecessor-version":[{"id":5678,"href":"https:\/\/ingemar.alenas.se\/index.php?rest_route=\/wp\/v2\/pages\/1192\/revisions\/5678"}],"up":[{"embeddable":true,"href":"https:\/\/ingemar.alenas.se\/index.php?rest_route=\/wp\/v2\/pages\/25"}],"wp:featuredmedia":[{"embeddable":true,"href":"https:\/\/ingemar.alenas.se\/index.php?rest_route=\/wp\/v2\/media\/1189"}],"wp:attachment":[{"href":"https:\/\/ingemar.alenas.se\/index.php?rest_route=%2Fwp%2Fv2%2Fmedia&parent=1192"}],"curies":[{"name":"wp","href":"https:\/\/api.w.org\/{rel}","templated":true}]}}